{"id":3213,"date":"2017-06-19T07:08:22","date_gmt":"2017-06-19T02:38:22","guid":{"rendered":"https:\/\/fruitsorting.com\/biziml%c9%99-%c9%99laq%c9%99-saxlayin\/"},"modified":"2024-06-15T11:13:41","modified_gmt":"2024-06-15T07:43:41","slug":"biziml%c9%99-%c9%99laq%c9%99-saxlayin","status":"publish","type":"page","link":"https:\/\/fruitsorting.com\/az\/biziml%c9%99-%c9%99laq%c9%99-saxlayin\/","title":{"rendered":"Biziml\u0259 \u0259laq\u0259 saxlay\u0131n"},"content":{"rendered":"\t\t<div data-elementor-type=\"wp-post\" data-elementor-id=\"3213\" class=\"elementor elementor-3213 elementor-25\" data-elementor-post-type=\"page\">\n\t\t\t\t<div class=\"elementor-element elementor-element-fabcdaf e-flex e-con-boxed e-con e-parent\" data-id=\"fabcdaf\" data-element_type=\"container\" data-e-type=\"container\">\n\t\t\t\t\t<div class=\"e-con-inner\">\n\t\t<div class=\"elementor-element elementor-element-8edca4f e-con-full e-flex e-con e-child\" data-id=\"8edca4f\" data-element_type=\"container\" data-e-type=\"container\">\n\t\t\t\t<div class=\"elementor-element elementor-element-da9ce3e elementor-icon-list--layout-traditional elementor-list-item-link-full_width elementor-widget elementor-widget-icon-list\" data-id=\"da9ce3e\" data-element_type=\"widget\" data-e-type=\"widget\" data-widget_type=\"icon-list.default\">\n\t\t\t\t<div class=\"elementor-widget-container\">\n\t\t\t\t\t\t\t<ul class=\"elementor-icon-list-items\">\n\t\t\t\t\t\t\t<li class=\"elementor-icon-list-item\">\n\t\t\t\t\t\t\t\t\t\t\t<span class=\"elementor-icon-list-icon\">\n\t\t\t\t\t\t\t<svg xmlns=\"http:\/\/www.w3.org\/2000\/svg\" width=\"52\" height=\"58\" viewBox=\"0 0 52 58\" fill=\"none\"><path d=\"M22 1.3094C24.4752 -0.119662 27.5248 -0.119661 30 1.3094L47.9808 11.6906C50.456 13.1197 51.9808 15.7607 51.9808 18.6188V39.3812C51.9808 42.2393 50.456 44.8803 47.9808 46.3094L30 56.6906C27.5248 58.1197 24.4752 58.1197 22 56.6906L4.01924 46.3094C1.54403 44.8803 0.0192375 42.2393 0.0192375 39.3812V18.6188C0.0192375 15.7607 1.54403 13.1197 4.01924 11.6906L22 1.3094Z\" fill=\"url(#paint0_linear_964_3778)\"><\/path><defs><linearGradient id=\"paint0_linear_964_3778\" x1=\"26\" y1=\"-1\" x2=\"26\" y2=\"59\" gradientUnits=\"userSpaceOnUse\"><stop stop-color=\"#E74C3C\"><\/stop><stop offset=\"0.7\" stop-color=\"#F4685A\" stop-opacity=\"0.95\"><\/stop><\/linearGradient><\/defs><\/svg>\t\t\t\t\t\t<\/span>\n\t\t\t\t\t\t\t\t\t\t<span class=\"elementor-icon-list-text\">Perticon Sanatla \u0259laq\u0259 saxlay\u0131n<\/span>\n\t\t\t\t\t\t\t\t\t<\/li>\n\t\t\t\t\t\t<\/ul>\n\t\t\t\t\t\t<\/div>\n\t\t\t\t<\/div>\n\t\t\t\t<div class=\"elementor-element elementor-element-8632aa4 elementor-widget elementor-widget-heading\" data-id=\"8632aa4\" data-element_type=\"widget\" data-e-type=\"widget\" data-widget_type=\"heading.default\">\n\t\t\t\t<div class=\"elementor-widget-container\">\n\t\t\t\t\t<h2 class=\"elementor-heading-title elementor-size-default\">Biziml\u0259 \u00fcnsiyy\u0259t yollar\u0131<\/h2>\t\t\t\t<\/div>\n\t\t\t\t<\/div>\n\t\t\t\t<div class=\"elementor-element elementor-element-bce494e elementor-widget-divider--view-line elementor-widget elementor-widget-divider\" data-id=\"bce494e\" data-element_type=\"widget\" data-e-type=\"widget\" data-widget_type=\"divider.default\">\n\t\t\t\t<div class=\"elementor-widget-container\">\n\t\t\t\t\t\t\t<div class=\"elementor-divider\">\n\t\t\t<span class=\"elementor-divider-separator\">\n\t\t\t\t\t\t<\/span>\n\t\t<\/div>\n\t\t\t\t\t\t<\/div>\n\t\t\t\t<\/div>\n\t\t\t\t<div class=\"elementor-element elementor-element-760a26e elementor-button-align-stretch elementor-widget elementor-widget-form\" data-id=\"760a26e\" data-element_type=\"widget\" data-e-type=\"widget\" data-settings=\"{&quot;button_width&quot;:&quot;20&quot;,&quot;step_next_label&quot;:&quot;Sonrak\\u0131&quot;,&quot;step_previous_label&quot;:&quot;\\u018fvv\\u0259lki&quot;,&quot;step_type&quot;:&quot;number_text&quot;,&quot;step_icon_shape&quot;:&quot;circle&quot;}\" data-widget_type=\"form.default\">\n\t\t\t\t<div class=\"elementor-widget-container\">\n\t\t\t\t\t\t\t<form class=\"elementor-form\" method=\"post\" name=\"\u018flaq\u0259 Formas\u0131\" aria-label=\"\u018flaq\u0259 Formas\u0131\">\n\t\t\t<input type=\"hidden\" name=\"post_id\" value=\"3213\"\/>\n\t\t\t<input type=\"hidden\" name=\"form_id\" value=\"760a26e\"\/>\n\t\t\t<input type=\"hidden\" name=\"referer_title\" value=\"Biziml\u0259 \u0259laq\u0259 saxlay\u0131n - \u0634\u0631\u06a9\u062a \u067e\u0631\u062a\u06cc\u06a9\u0627\u0646 \u0635\u0646\u0639\u062a \u067e\u0631\u0634\u06cc\u0627 - fruitsorting\" \/>\n\n\t\t\t\t\t\t\t<input type=\"hidden\" name=\"queried_id\" value=\"3213\"\/>\n\t\t\t\n\t\t\t<div class=\"elementor-form-fields-wrapper elementor-labels-above\">\n\t\t\t\t\t\t\t\t<div class=\"elementor-field-type-text elementor-field-group elementor-column elementor-field-group-name elementor-col-50 elementor-field-required\">\n\t\t\t\t\t\t\t\t\t\t\t\t\t<input size=\"1\" type=\"text\" name=\"form_fields[name]\" id=\"form-field-name\" class=\"elementor-field elementor-size-sm  elementor-field-textual\" placeholder=\"ad v\u0259 soyad\" required=\"required\">\n\t\t\t\t\t\t\t\t\t\t\t<\/div>\n\t\t\t\t\t\t\t\t<div class=\"elementor-field-type-text elementor-field-group elementor-column elementor-field-group-field_af78879 elementor-col-50 elementor-field-required\">\n\t\t\t\t\t\t\t\t\t\t\t\t\t<input size=\"1\" type=\"text\" name=\"form_fields[field_af78879]\" id=\"form-field-field_af78879\" class=\"elementor-field elementor-size-sm  elementor-field-textual\" placeholder=\"Telefon n\u00f6mr\u0259si\" required=\"required\">\n\t\t\t\t\t\t\t\t\t\t\t<\/div>\n\t\t\t\t\t\t\t\t<div class=\"elementor-field-type-email elementor-field-group elementor-column elementor-field-group-field_db28833 elementor-col-100 elementor-field-required\">\n\t\t\t\t\t\t\t\t\t\t\t\t\t<input size=\"1\" type=\"email\" name=\"form_fields[field_db28833]\" id=\"form-field-field_db28833\" class=\"elementor-field elementor-size-sm  elementor-field-textual\" placeholder=\"E-po\u00e7t\" required=\"required\">\n\t\t\t\t\t\t\t\t\t\t\t<\/div>\n\t\t\t\t\t\t\t\t<div class=\"elementor-field-type-textarea elementor-field-group elementor-column elementor-field-group-message elementor-col-100 elementor-field-required\">\n\t\t\t\t\t<textarea class=\"elementor-field-textual elementor-field  elementor-size-sm\" name=\"form_fields[message]\" id=\"form-field-message\" rows=\"4\" placeholder=\"Mesaj\u0131n\u0131z\u0131 q\u0131saca yaz\u0131n.\" required=\"required\"><\/textarea>\t\t\t\t<\/div>\n\t\t\t\t\t\t\t\t<div class=\"elementor-field-type-text\">\n\t\t\t\t\t<input size=\"1\" type=\"text\" name=\"form_fields[field_a67113f]\" id=\"form-field-field_a67113f\" class=\"elementor-field elementor-size-sm \" style=\"display:none !important;\">\t\t\t\t<\/div>\n\t\t\t\t\t\t\t\t<div class=\"elementor-field-group elementor-column elementor-field-type-submit elementor-col-20 e-form__buttons\">\n\t\t\t\t\t<button class=\"elementor-button elementor-size-sm\" type=\"submit\">\n\t\t\t\t\t\t<span class=\"elementor-button-content-wrapper\">\n\t\t\t\t\t\t\t\t\t\t\t\t\t\t\t\t\t\t\t\t\t\t<span class=\"elementor-button-text\">t\u0259qdim<\/span>\n\t\t\t\t\t\t\t\t\t\t\t\t\t<\/span>\n\t\t\t\t\t<\/button>\n\t\t\t\t<\/div>\n\t\t\t<\/div>\n\t\t<\/form>\n\t\t\t\t\t\t<\/div>\n\t\t\t\t<\/div>\n\t\t\t\t<\/div>\n\t\t<div class=\"elementor-element elementor-element-a454f1a e-con-full e-flex e-con e-child\" data-id=\"a454f1a\" data-element_type=\"container\" data-e-type=\"container\" data-settings=\"{&quot;background_background&quot;:&quot;classic&quot;}\">\n\t\t\t\t<div class=\"elementor-element elementor-element-307f187 elementor-widget elementor-widget-image\" data-id=\"307f187\" data-element_type=\"widget\" data-e-type=\"widget\" data-widget_type=\"image.default\">\n\t\t\t\t<div class=\"elementor-widget-container\">\n\t\t\t\t\t\t\t\t\t\t\t\t\t\t\t<img fetchpriority=\"high\" decoding=\"async\" width=\"2400\" height=\"1602\" src=\"https:\/\/fruitsorting.com\/wp-content\/uploads\/2024\/05\/office-pertikan.webp\" class=\"attachment-full size-full wp-image-1779\" alt=\"\" srcset=\"https:\/\/fruitsorting.com\/wp-content\/uploads\/2024\/05\/office-pertikan.webp 2400w, https:\/\/fruitsorting.com\/wp-content\/uploads\/2024\/05\/office-pertikan-300x200.webp 300w, https:\/\/fruitsorting.com\/wp-content\/uploads\/2024\/05\/office-pertikan-1024x684.webp 1024w, https:\/\/fruitsorting.com\/wp-content\/uploads\/2024\/05\/office-pertikan-768x513.webp 768w, https:\/\/fruitsorting.com\/wp-content\/uploads\/2024\/05\/office-pertikan-1536x1025.webp 1536w, https:\/\/fruitsorting.com\/wp-content\/uploads\/2024\/05\/office-pertikan-2048x1367.webp 2048w\" sizes=\"(max-width: 2400px) 100vw, 2400px\" \/>\t\t\t\t\t\t\t\t\t\t\t\t\t\t\t<\/div>\n\t\t\t\t<\/div>\n\t\t\t\t<div class=\"elementor-element elementor-element-3b802ca elementor-icon-list--layout-traditional elementor-list-item-link-full_width elementor-widget elementor-widget-icon-list\" data-id=\"3b802ca\" data-element_type=\"widget\" data-e-type=\"widget\" data-widget_type=\"icon-list.default\">\n\t\t\t\t<div class=\"elementor-widget-container\">\n\t\t\t\t\t\t\t<ul class=\"elementor-icon-list-items\">\n\t\t\t\t\t\t\t<li class=\"elementor-icon-list-item\">\n\t\t\t\t\t\t\t\t\t\t\t<span class=\"elementor-icon-list-icon\">\n\t\t\t\t\t\t\t<i aria-hidden=\"true\" class=\"icon icon-location\"><\/i>\t\t\t\t\t\t<\/span>\n\t\t\t\t\t\t\t\t\t\t<span class=\"elementor-icon-list-text\">22, Vahid 6, Mirz\u0259h\u0259sni Xiyaban\u0131, Qaem Maqam Farahani k\u00fc\u00e7\u0259si, Tehran,<\/span>\n\t\t\t\t\t\t\t\t\t<\/li>\n\t\t\t\t\t\t\t\t<li class=\"elementor-icon-list-item\">\n\t\t\t\t\t\t\t\t\t\t\t<a href=\"tel:02188862656\">\n\n\t\t\t\t\t\t\t\t\t\t\t\t<span class=\"elementor-icon-list-icon\">\n\t\t\t\t\t\t\t<i aria-hidden=\"true\" class=\"icon icon-call-calling\"><\/i>\t\t\t\t\t\t<\/span>\n\t\t\t\t\t\t\t\t\t\t<span class=\"elementor-icon-list-text\">02188862656 | 09128886423<\/span>\n\t\t\t\t\t\t\t\t\t\t\t<\/a>\n\t\t\t\t\t\t\t\t\t<\/li>\n\t\t\t\t\t\t\t\t<li class=\"elementor-icon-list-item\">\n\t\t\t\t\t\t\t\t\t\t\t<span class=\"elementor-icon-list-icon\">\n\t\t\t\t\t\t\t<i aria-hidden=\"true\" class=\"icon icon-sms\"><\/i>\t\t\t\t\t\t<\/span>\n\t\t\t\t\t\t\t\t\t\t<span class=\"elementor-icon-list-text\">perticon@gmail.com<\/span>\n\t\t\t\t\t\t\t\t\t<\/li>\n\t\t\t\t\t\t<\/ul>\n\t\t\t\t\t\t<\/div>\n\t\t\t\t<\/div>\n\t\t\t\t<div class=\"elementor-element elementor-element-2223fe7 elementor-widget-divider--view-line_text elementor-widget-divider--element-align-center elementor-widget elementor-widget-divider\" data-id=\"2223fe7\" data-element_type=\"widget\" data-e-type=\"widget\" data-widget_type=\"divider.default\">\n\t\t\t\t<div class=\"elementor-widget-container\">\n\t\t\t\t\t\t\t<div class=\"elementor-divider\">\n\t\t\t<span class=\"elementor-divider-separator\">\n\t\t\t\t\t\t\t<span class=\"elementor-divider__text elementor-divider__element\">\n\t\t\t\tSosial \u015f\u0259b\u0259k\u0259l\u0259r\t\t\t\t<\/span>\n\t\t\t\t\t\t<\/span>\n\t\t<\/div>\n\t\t\t\t\t\t<\/div>\n\t\t\t\t<\/div>\n\t\t\t\t<div class=\"elementor-element elementor-element-bbe5acf elementor-shape-rounded elementor-grid-0 elementor-widget elementor-widget-social-icons\" data-id=\"bbe5acf\" data-element_type=\"widget\" data-e-type=\"widget\" data-widget_type=\"social-icons.default\">\n\t\t\t\t<div class=\"elementor-widget-container\">\n\t\t\t\t\t\t\t<div class=\"elementor-social-icons-wrapper elementor-grid\" role=\"list\">\n\t\t\t\t\t\t\t<span class=\"elementor-grid-item\" role=\"listitem\">\n\t\t\t\t\t<a class=\"elementor-icon elementor-social-icon elementor-social-icon-icon-whatsapp elementor-repeater-item-4f79c03\" target=\"_blank\">\n\t\t\t\t\t\t<span class=\"elementor-screen-only\">Icon-whatsapp<\/span>\n\t\t\t\t\t\t<i aria-hidden=\"true\" class=\"icon icon-whatsapp\"><\/i>\t\t\t\t\t<\/a>\n\t\t\t\t<\/span>\n\t\t\t\t\t\t\t<span class=\"elementor-grid-item\" role=\"listitem\">\n\t\t\t\t\t<a class=\"elementor-icon elementor-social-icon elementor-social-icon-icon-send-2 elementor-repeater-item-a119cf5\" target=\"_blank\">\n\t\t\t\t\t\t<span class=\"elementor-screen-only\">Icon-send-2<\/span>\n\t\t\t\t\t\t<i aria-hidden=\"true\" class=\"icon icon-send-2\"><\/i>\t\t\t\t\t<\/a>\n\t\t\t\t<\/span>\n\t\t\t\t\t\t\t<span class=\"elementor-grid-item\" role=\"listitem\">\n\t\t\t\t\t<a class=\"elementor-icon elementor-social-icon elementor-social-icon-icon-youtube elementor-repeater-item-c0c4d06\" target=\"_blank\">\n\t\t\t\t\t\t<span class=\"elementor-screen-only\">Icon-youtube<\/span>\n\t\t\t\t\t\t<i aria-hidden=\"true\" class=\"icon icon-youtube\"><\/i>\t\t\t\t\t<\/a>\n\t\t\t\t<\/span>\n\t\t\t\t\t\t\t<span class=\"elementor-grid-item\" role=\"listitem\">\n\t\t\t\t\t<a class=\"elementor-icon elementor-social-icon elementor-social-icon-icon-facebook elementor-repeater-item-28f3367\" target=\"_blank\">\n\t\t\t\t\t\t<span class=\"elementor-screen-only\">Icon-facebook<\/span>\n\t\t\t\t\t\t<i aria-hidden=\"true\" class=\"icon icon-facebook\"><\/i>\t\t\t\t\t<\/a>\n\t\t\t\t<\/span>\n\t\t\t\t\t<\/div>\n\t\t\t\t\t\t<\/div>\n\t\t\t\t<\/div>\n\t\t\t\t<\/div>\n\t\t\t\t\t<\/div>\n\t\t\t\t<\/div>\n\t\t\t\t<\/div>\n\t\t","protected":false},"excerpt":{"rendered":"<p>Perticon Sanatla \u0259laq\u0259 saxlay\u0131n Biziml\u0259 \u00fcnsiyy\u0259t yollar\u0131 22, Vahid 6, Mirz\u0259h\u0259sni Xiyaban\u0131, Qaem Maqam Farahani k\u00fc\u00e7\u0259si, Tehran, 02188862656 | 09128886423 perticon@gmail.com Sosial \u015f\u0259b\u0259k\u0259l\u0259r Icon-whatsapp Icon-send-2 Icon-youtube Icon-facebook<\/p>\n","protected":false},"author":2,"featured_media":0,"parent":0,"menu_order":0,"comment_status":"closed","ping_status":"closed","template":"","meta":{"footnotes":""},"class_list":["post-3213","page","type-page","status-publish","hentry"],"yoast_head":"<!-- This site is optimized with the Yoast SEO Premium plugin v25.8 (Yoast SEO v26.9) - https:\/\/yoast.com\/product\/yoast-seo-premium-wordpress\/ -->\n<title>Biziml\u0259 \u0259laq\u0259 saxlay\u0131n - \u0634\u0631\u06a9\u062a \u067e\u0631\u062a\u06cc\u06a9\u0627\u0646 \u0635\u0646\u0639\u062a \u067e\u0631\u0634\u06cc\u0627 - fruitsorting<\/title>\n<meta name=\"robots\" content=\"index, follow, max-snippet:-1, max-image-preview:large, max-video-preview:-1\" \/>\n<link rel=\"canonical\" href=\"https:\/\/fruitsorting.com\/az\/biziml\u0259-\u0259laq\u0259-saxlayin\/\" \/>\n<meta property=\"og:locale\" content=\"az_AZ\" \/>\n<meta property=\"og:type\" content=\"article\" \/>\n<meta property=\"og:title\" content=\"Biziml\u0259 \u0259laq\u0259 saxlay\u0131n\" \/>\n<meta property=\"og:description\" content=\"Perticon Sanatla \u0259laq\u0259 saxlay\u0131n Biziml\u0259 \u00fcnsiyy\u0259t yollar\u0131 22, Vahid 6, Mirz\u0259h\u0259sni Xiyaban\u0131, Qaem Maqam Farahani k\u00fc\u00e7\u0259si, Tehran, 02188862656 | 09128886423 perticon@gmail.com Sosial \u015f\u0259b\u0259k\u0259l\u0259r Icon-whatsapp Icon-send-2 Icon-youtube Icon-facebook\" \/>\n<meta property=\"og:url\" content=\"https:\/\/fruitsorting.com\/az\/biziml\u0259-\u0259laq\u0259-saxlayin\/\" \/>\n<meta property=\"og:site_name\" content=\"\u0634\u0631\u06a9\u062a \u067e\u0631\u062a\u06cc\u06a9\u0627\u0646 \u0635\u0646\u0639\u062a \u067e\u0631\u0634\u06cc\u0627 - fruitsorting\" \/>\n<meta property=\"article:modified_time\" content=\"2024-06-15T07:43:41+00:00\" \/>\n<meta property=\"og:image\" content=\"https:\/\/fruitsorting.com\/wp-content\/uploads\/2024\/05\/office-pertikan.webp\" \/>\n<meta name=\"twitter:card\" content=\"summary_large_image\" \/>\n<meta name=\"twitter:label1\" content=\"Est. reading time\" \/>\n\t<meta name=\"twitter:data1\" content=\"1 minute\" \/>\n<script type=\"application\/ld+json\" class=\"yoast-schema-graph\">{\"@context\":\"https:\/\/schema.org\",\"@graph\":[{\"@type\":\"WebPage\",\"@id\":\"https:\/\/fruitsorting.com\/az\/biziml%c9%99-%c9%99laq%c9%99-saxlayin\/\",\"url\":\"https:\/\/fruitsorting.com\/az\/biziml%c9%99-%c9%99laq%c9%99-saxlayin\/\",\"name\":\"Biziml\u0259 \u0259laq\u0259 saxlay\u0131n - \u0634\u0631\u06a9\u062a \u067e\u0631\u062a\u06cc\u06a9\u0627\u0646 \u0635\u0646\u0639\u062a \u067e\u0631\u0634\u06cc\u0627 - fruitsorting\",\"isPartOf\":{\"@id\":\"https:\/\/fruitsorting.com\/#website\"},\"primaryImageOfPage\":{\"@id\":\"https:\/\/fruitsorting.com\/az\/biziml%c9%99-%c9%99laq%c9%99-saxlayin\/#primaryimage\"},\"image\":{\"@id\":\"https:\/\/fruitsorting.com\/az\/biziml%c9%99-%c9%99laq%c9%99-saxlayin\/#primaryimage\"},\"thumbnailUrl\":\"https:\/\/fruitsorting.com\/wp-content\/uploads\/2024\/05\/office-pertikan.webp\",\"datePublished\":\"2017-06-19T02:38:22+00:00\",\"dateModified\":\"2024-06-15T07:43:41+00:00\",\"breadcrumb\":{\"@id\":\"https:\/\/fruitsorting.com\/az\/biziml%c9%99-%c9%99laq%c9%99-saxlayin\/#breadcrumb\"},\"inLanguage\":\"az\",\"potentialAction\":[{\"@type\":\"ReadAction\",\"target\":[\"https:\/\/fruitsorting.com\/az\/biziml%c9%99-%c9%99laq%c9%99-saxlayin\/\"]}]},{\"@type\":\"ImageObject\",\"inLanguage\":\"az\",\"@id\":\"https:\/\/fruitsorting.com\/az\/biziml%c9%99-%c9%99laq%c9%99-saxlayin\/#primaryimage\",\"url\":\"https:\/\/fruitsorting.com\/wp-content\/uploads\/2024\/05\/office-pertikan.webp\",\"contentUrl\":\"https:\/\/fruitsorting.com\/wp-content\/uploads\/2024\/05\/office-pertikan.webp\"},{\"@type\":\"BreadcrumbList\",\"@id\":\"https:\/\/fruitsorting.com\/az\/biziml%c9%99-%c9%99laq%c9%99-saxlayin\/#breadcrumb\",\"itemListElement\":[{\"@type\":\"ListItem\",\"position\":1,\"name\":\"\u062e\u0627\u0646\u0647\",\"item\":\"https:\/\/fruitsorting.com\/\"},{\"@type\":\"ListItem\",\"position\":2,\"name\":\"Biziml\u0259 \u0259laq\u0259 saxlay\u0131n\"}]},{\"@type\":\"WebSite\",\"@id\":\"https:\/\/fruitsorting.com\/#website\",\"url\":\"https:\/\/fruitsorting.com\/\",\"name\":\"\u0634\u0631\u06a9\u062a \u067e\u0631\u062a\u06cc\u06a9\u0627\u0646 \u0635\u0646\u0639\u062a \u067e\u0631\u0634\u06cc\u0627 - fruitsorting\",\"description\":\"\u062a\u0648\u0644\u06cc\u062f\u200c\u06a9\u0646\u0646\u062f\u0647 \u062f\u0633\u062a\u06af\u0627\u0647 \u0633\u0648\u0631\u062a\u06cc\u0646\u06af \u0645\u06cc\u0648\u0647\",\"publisher\":{\"@id\":\"https:\/\/fruitsorting.com\/#organization\"},\"potentialAction\":[{\"@type\":\"SearchAction\",\"target\":{\"@type\":\"EntryPoint\",\"urlTemplate\":\"https:\/\/fruitsorting.com\/?s={search_term_string}\"},\"query-input\":{\"@type\":\"PropertyValueSpecification\",\"valueRequired\":true,\"valueName\":\"search_term_string\"}}],\"inLanguage\":\"az\"},{\"@type\":\"Organization\",\"@id\":\"https:\/\/fruitsorting.com\/#organization\",\"name\":\"\u0634\u0631\u06a9\u062a \u067e\u0631\u062a\u06cc\u06a9\u0627\u0646 \u0635\u0646\u0639\u062a \u067e\u0631\u0634\u06cc\u0627 - fruitsorting\",\"url\":\"https:\/\/fruitsorting.com\/\",\"logo\":{\"@type\":\"ImageObject\",\"inLanguage\":\"az\",\"@id\":\"https:\/\/fruitsorting.com\/#\/schema\/logo\/image\/\",\"url\":\"https:\/\/fruitsorting.com\/wp-content\/uploads\/2022\/12\/OK-LOGO-A4.png\",\"contentUrl\":\"https:\/\/fruitsorting.com\/wp-content\/uploads\/2022\/12\/OK-LOGO-A4.png\",\"width\":3392,\"height\":1093,\"caption\":\"\u0634\u0631\u06a9\u062a \u067e\u0631\u062a\u06cc\u06a9\u0627\u0646 \u0635\u0646\u0639\u062a \u067e\u0631\u0634\u06cc\u0627 - fruitsorting\"},\"image\":{\"@id\":\"https:\/\/fruitsorting.com\/#\/schema\/logo\/image\/\"}}]}<\/script>\n<!-- \/ Yoast SEO Premium plugin. -->","yoast_head_json":{"title":"Biziml\u0259 \u0259laq\u0259 saxlay\u0131n - \u0634\u0631\u06a9\u062a \u067e\u0631\u062a\u06cc\u06a9\u0627\u0646 \u0635\u0646\u0639\u062a \u067e\u0631\u0634\u06cc\u0627 - fruitsorting","robots":{"index":"index","follow":"follow","max-snippet":"max-snippet:-1","max-image-preview":"max-image-preview:large","max-video-preview":"max-video-preview:-1"},"canonical":"https:\/\/fruitsorting.com\/az\/biziml\u0259-\u0259laq\u0259-saxlayin\/","og_locale":"az_AZ","og_type":"article","og_title":"Biziml\u0259 \u0259laq\u0259 saxlay\u0131n","og_description":"Perticon Sanatla \u0259laq\u0259 saxlay\u0131n Biziml\u0259 \u00fcnsiyy\u0259t yollar\u0131 22, Vahid 6, Mirz\u0259h\u0259sni Xiyaban\u0131, Qaem Maqam Farahani k\u00fc\u00e7\u0259si, Tehran, 02188862656 | 09128886423 perticon@gmail.com Sosial \u015f\u0259b\u0259k\u0259l\u0259r Icon-whatsapp Icon-send-2 Icon-youtube Icon-facebook","og_url":"https:\/\/fruitsorting.com\/az\/biziml\u0259-\u0259laq\u0259-saxlayin\/","og_site_name":"\u0634\u0631\u06a9\u062a \u067e\u0631\u062a\u06cc\u06a9\u0627\u0646 \u0635\u0646\u0639\u062a \u067e\u0631\u0634\u06cc\u0627 - fruitsorting","article_modified_time":"2024-06-15T07:43:41+00:00","og_image":[{"url":"https:\/\/fruitsorting.com\/wp-content\/uploads\/2024\/05\/office-pertikan.webp","type":"","width":"","height":""}],"twitter_card":"summary_large_image","twitter_misc":{"Est. reading time":"1 minute"},"schema":{"@context":"https:\/\/schema.org","@graph":[{"@type":"WebPage","@id":"https:\/\/fruitsorting.com\/az\/biziml%c9%99-%c9%99laq%c9%99-saxlayin\/","url":"https:\/\/fruitsorting.com\/az\/biziml%c9%99-%c9%99laq%c9%99-saxlayin\/","name":"Biziml\u0259 \u0259laq\u0259 saxlay\u0131n - \u0634\u0631\u06a9\u062a \u067e\u0631\u062a\u06cc\u06a9\u0627\u0646 \u0635\u0646\u0639\u062a \u067e\u0631\u0634\u06cc\u0627 - fruitsorting","isPartOf":{"@id":"https:\/\/fruitsorting.com\/#website"},"primaryImageOfPage":{"@id":"https:\/\/fruitsorting.com\/az\/biziml%c9%99-%c9%99laq%c9%99-saxlayin\/#primaryimage"},"image":{"@id":"https:\/\/fruitsorting.com\/az\/biziml%c9%99-%c9%99laq%c9%99-saxlayin\/#primaryimage"},"thumbnailUrl":"https:\/\/fruitsorting.com\/wp-content\/uploads\/2024\/05\/office-pertikan.webp","datePublished":"2017-06-19T02:38:22+00:00","dateModified":"2024-06-15T07:43:41+00:00","breadcrumb":{"@id":"https:\/\/fruitsorting.com\/az\/biziml%c9%99-%c9%99laq%c9%99-saxlayin\/#breadcrumb"},"inLanguage":"az","potentialAction":[{"@type":"ReadAction","target":["https:\/\/fruitsorting.com\/az\/biziml%c9%99-%c9%99laq%c9%99-saxlayin\/"]}]},{"@type":"ImageObject","inLanguage":"az","@id":"https:\/\/fruitsorting.com\/az\/biziml%c9%99-%c9%99laq%c9%99-saxlayin\/#primaryimage","url":"https:\/\/fruitsorting.com\/wp-content\/uploads\/2024\/05\/office-pertikan.webp","contentUrl":"https:\/\/fruitsorting.com\/wp-content\/uploads\/2024\/05\/office-pertikan.webp"},{"@type":"BreadcrumbList","@id":"https:\/\/fruitsorting.com\/az\/biziml%c9%99-%c9%99laq%c9%99-saxlayin\/#breadcrumb","itemListElement":[{"@type":"ListItem","position":1,"name":"\u062e\u0627\u0646\u0647","item":"https:\/\/fruitsorting.com\/"},{"@type":"ListItem","position":2,"name":"Biziml\u0259 \u0259laq\u0259 saxlay\u0131n"}]},{"@type":"WebSite","@id":"https:\/\/fruitsorting.com\/#website","url":"https:\/\/fruitsorting.com\/","name":"\u0634\u0631\u06a9\u062a \u067e\u0631\u062a\u06cc\u06a9\u0627\u0646 \u0635\u0646\u0639\u062a \u067e\u0631\u0634\u06cc\u0627 - fruitsorting","description":"\u062a\u0648\u0644\u06cc\u062f\u200c\u06a9\u0646\u0646\u062f\u0647 \u062f\u0633\u062a\u06af\u0627\u0647 \u0633\u0648\u0631\u062a\u06cc\u0646\u06af \u0645\u06cc\u0648\u0647","publisher":{"@id":"https:\/\/fruitsorting.com\/#organization"},"potentialAction":[{"@type":"SearchAction","target":{"@type":"EntryPoint","urlTemplate":"https:\/\/fruitsorting.com\/?s={search_term_string}"},"query-input":{"@type":"PropertyValueSpecification","valueRequired":true,"valueName":"search_term_string"}}],"inLanguage":"az"},{"@type":"Organization","@id":"https:\/\/fruitsorting.com\/#organization","name":"\u0634\u0631\u06a9\u062a \u067e\u0631\u062a\u06cc\u06a9\u0627\u0646 \u0635\u0646\u0639\u062a \u067e\u0631\u0634\u06cc\u0627 - fruitsorting","url":"https:\/\/fruitsorting.com\/","logo":{"@type":"ImageObject","inLanguage":"az","@id":"https:\/\/fruitsorting.com\/#\/schema\/logo\/image\/","url":"https:\/\/fruitsorting.com\/wp-content\/uploads\/2022\/12\/OK-LOGO-A4.png","contentUrl":"https:\/\/fruitsorting.com\/wp-content\/uploads\/2022\/12\/OK-LOGO-A4.png","width":3392,"height":1093,"caption":"\u0634\u0631\u06a9\u062a \u067e\u0631\u062a\u06cc\u06a9\u0627\u0646 \u0635\u0646\u0639\u062a \u067e\u0631\u0634\u06cc\u0627 - fruitsorting"},"image":{"@id":"https:\/\/fruitsorting.com\/#\/schema\/logo\/image\/"}}]}},"_links":{"self":[{"href":"https:\/\/fruitsorting.com\/az\/wp-json\/wp\/v2\/pages\/3213","targetHints":{"allow":["GET"]}}],"collection":[{"href":"https:\/\/fruitsorting.com\/az\/wp-json\/wp\/v2\/pages"}],"about":[{"href":"https:\/\/fruitsorting.com\/az\/wp-json\/wp\/v2\/types\/page"}],"author":[{"embeddable":true,"href":"https:\/\/fruitsorting.com\/az\/wp-json\/wp\/v2\/users\/2"}],"replies":[{"embeddable":true,"href":"https:\/\/fruitsorting.com\/az\/wp-json\/wp\/v2\/comments?post=3213"}],"version-history":[{"count":5,"href":"https:\/\/fruitsorting.com\/az\/wp-json\/wp\/v2\/pages\/3213\/revisions"}],"predecessor-version":[{"id":3323,"href":"https:\/\/fruitsorting.com\/az\/wp-json\/wp\/v2\/pages\/3213\/revisions\/3323"}],"wp:attachment":[{"href":"https:\/\/fruitsorting.com\/az\/wp-json\/wp\/v2\/media?parent=3213"}],"curies":[{"name":"wp","href":"https:\/\/api.w.org\/{rel}","templated":true}]}}