{"id":3218,"date":"2024-05-30T13:23:24","date_gmt":"2024-05-30T09:53:24","guid":{"rendered":"https:\/\/fruitsorting.com\/kataloqlari-yukl%c9%99yin\/"},"modified":"2024-10-24T09:52:38","modified_gmt":"2024-10-24T06:22:38","slug":"download-catalogs","status":"publish","type":"page","link":"https:\/\/fruitsorting.com\/az\/download-catalogs\/","title":{"rendered":"Kataloqlar\u0131 y\u00fckl\u0259yin"},"content":{"rendered":"\t\t<div data-elementor-type=\"wp-page\" data-elementor-id=\"3218\" class=\"elementor elementor-3218 elementor-2167\" data-elementor-post-type=\"page\">\n\t\t\t\t<div class=\"elementor-element elementor-element-6223248 e-flex e-con-boxed e-con e-parent\" data-id=\"6223248\" data-element_type=\"container\" data-e-type=\"container\">\n\t\t\t\t\t<div class=\"e-con-inner\">\n\t\t\t\t<div class=\"elementor-element elementor-element-adbbc08 elementor-icon-list--layout-traditional elementor-list-item-link-full_width elementor-widget elementor-widget-icon-list\" data-id=\"adbbc08\" data-element_type=\"widget\" data-e-type=\"widget\" data-widget_type=\"icon-list.default\">\n\t\t\t\t<div class=\"elementor-widget-container\">\n\t\t\t\t\t\t\t<ul class=\"elementor-icon-list-items\">\n\t\t\t\t\t\t\t<li class=\"elementor-icon-list-item\">\n\t\t\t\t\t\t\t\t\t\t\t<span class=\"elementor-icon-list-icon\">\n\t\t\t\t\t\t\t<svg xmlns=\"http:\/\/www.w3.org\/2000\/svg\" width=\"52\" height=\"58\" viewBox=\"0 0 52 58\" fill=\"none\"><path d=\"M22 1.3094C24.4752 -0.119662 27.5248 -0.119661 30 1.3094L47.9808 11.6906C50.456 13.1197 51.9808 15.7607 51.9808 18.6188V39.3812C51.9808 42.2393 50.456 44.8803 47.9808 46.3094L30 56.6906C27.5248 58.1197 24.4752 58.1197 22 56.6906L4.01924 46.3094C1.54403 44.8803 0.0192375 42.2393 0.0192375 39.3812V18.6188C0.0192375 15.7607 1.54403 13.1197 4.01924 11.6906L22 1.3094Z\" fill=\"url(#paint0_linear_964_3778)\"><\/path><defs><linearGradient id=\"paint0_linear_964_3778\" x1=\"26\" y1=\"-1\" x2=\"26\" y2=\"59\" gradientUnits=\"userSpaceOnUse\"><stop stop-color=\"#E74C3C\"><\/stop><stop offset=\"0.7\" stop-color=\"#F4685A\" stop-opacity=\"0.95\"><\/stop><\/linearGradient><\/defs><\/svg>\t\t\t\t\t\t<\/span>\n\t\t\t\t\t\t\t\t\t\t<span class=\"elementor-icon-list-text\">Kataloqlar\u0131 y\u00fckl\u0259yin<\/span>\n\t\t\t\t\t\t\t\t\t<\/li>\n\t\t\t\t\t\t<\/ul>\n\t\t\t\t\t\t<\/div>\n\t\t\t\t<\/div>\n\t\t\t\t\t<\/div>\n\t\t\t\t<\/div>\n\t\t<div class=\"elementor-element elementor-element-2d29bf1 e-flex e-con-boxed e-con e-parent\" data-id=\"2d29bf1\" data-element_type=\"container\" data-e-type=\"container\">\n\t\t\t\t\t<div class=\"e-con-inner\">\n\t\t<div class=\"elementor-element elementor-element-9c9791a e-con-full e-flex e-con e-child\" data-id=\"9c9791a\" data-element_type=\"container\" data-e-type=\"container\">\n\t\t\t\t<div class=\"elementor-element elementor-element-f6d1d88 elementor-position-top elementor-widget elementor-widget-image-box\" data-id=\"f6d1d88\" data-element_type=\"widget\" data-e-type=\"widget\" data-widget_type=\"image-box.default\">\n\t\t\t\t<div class=\"elementor-widget-container\">\n\t\t\t\t\t<div class=\"elementor-image-box-wrapper\"><figure class=\"elementor-image-box-img\"><a href=\"https:\/\/fruitsorting.com\/wp-content\/uploads\/2024\/10\/Camera-RGB.pdf\" tabindex=\"-1\"><img fetchpriority=\"high\" decoding=\"async\" width=\"1289\" height=\"908\" src=\"https:\/\/fruitsorting.com\/wp-content\/uploads\/2024\/10\/camera-new.webp\" class=\"attachment-full size-full wp-image-3595\" alt=\"\" srcset=\"https:\/\/fruitsorting.com\/wp-content\/uploads\/2024\/10\/camera-new.webp 1289w, https:\/\/fruitsorting.com\/wp-content\/uploads\/2024\/10\/camera-new-300x211.webp 300w, https:\/\/fruitsorting.com\/wp-content\/uploads\/2024\/10\/camera-new-1024x721.webp 1024w, https:\/\/fruitsorting.com\/wp-content\/uploads\/2024\/10\/camera-new-768x541.webp 768w\" sizes=\"(max-width: 1289px) 100vw, 1289px\" \/><\/a><\/figure><div class=\"elementor-image-box-content\"><h5 class=\"elementor-image-box-title\"><a href=\"https:\/\/fruitsorting.com\/wp-content\/uploads\/2024\/10\/Camera-RGB.pdf\">Ma\u015f\u0131n g\u00f6rm\u0259 sisteml\u0259rinin kataloqunu y\u00fckl\u0259yin<\/a><\/h5><\/div><\/div>\t\t\t\t<\/div>\n\t\t\t\t<\/div>\n\t\t\t\t<\/div>\n\t\t<div class=\"elementor-element elementor-element-7d5b7c2 e-con-full e-flex e-con e-child\" data-id=\"7d5b7c2\" data-element_type=\"container\" data-e-type=\"container\">\n\t\t\t\t<div class=\"elementor-element elementor-element-c270fe9 elementor-position-top elementor-widget elementor-widget-image-box\" data-id=\"c270fe9\" data-element_type=\"widget\" data-e-type=\"widget\" data-widget_type=\"image-box.default\">\n\t\t\t\t<div class=\"elementor-widget-container\">\n\t\t\t\t\t<div class=\"elementor-image-box-wrapper\"><figure class=\"elementor-image-box-img\"><a href=\"https:\/\/fruitsorting.com\/wp-content\/uploads\/2024\/10\/Sorting-RGB.pdf\" tabindex=\"-1\"><img decoding=\"async\" width=\"1289\" height=\"908\" src=\"https:\/\/fruitsorting.com\/wp-content\/uploads\/2024\/10\/sorting-rgb.webp\" class=\"attachment-full size-full wp-image-3582\" alt=\"\" srcset=\"https:\/\/fruitsorting.com\/wp-content\/uploads\/2024\/10\/sorting-rgb.webp 1289w, https:\/\/fruitsorting.com\/wp-content\/uploads\/2024\/10\/sorting-rgb-300x211.webp 300w, https:\/\/fruitsorting.com\/wp-content\/uploads\/2024\/10\/sorting-rgb-1024x721.webp 1024w, https:\/\/fruitsorting.com\/wp-content\/uploads\/2024\/10\/sorting-rgb-768x541.webp 768w\" sizes=\"(max-width: 1289px) 100vw, 1289px\" \/><\/a><\/figure><div class=\"elementor-image-box-content\"><h5 class=\"elementor-image-box-title\"><a href=\"https:\/\/fruitsorting.com\/wp-content\/uploads\/2024\/10\/Sorting-RGB.pdf\">Pertikan meyv\u0259 \u00e7e\u015fidl\u0259m\u0259 kataloqunu y\u00fckl\u0259yin<\/a><\/h5><\/div><\/div>\t\t\t\t<\/div>\n\t\t\t\t<\/div>\n\t\t\t\t<\/div>\n\t\t<div class=\"elementor-element elementor-element-35c05b1 e-con-full e-flex e-con e-child\" data-id=\"35c05b1\" data-element_type=\"container\" data-e-type=\"container\">\n\t\t\t\t<div class=\"elementor-element elementor-element-fadc581 elementor-position-top elementor-widget elementor-widget-image-box\" data-id=\"fadc581\" data-element_type=\"widget\" data-e-type=\"widget\" data-widget_type=\"image-box.default\">\n\t\t\t\t<div class=\"elementor-widget-container\">\n\t\t\t\t\t<div class=\"elementor-image-box-wrapper\"><figure class=\"elementor-image-box-img\"><a href=\"https:\/\/fruitsorting.com\/wp-content\/uploads\/2024\/10\/TABLO-RGB.pdf\" tabindex=\"-1\"><img decoding=\"async\" width=\"1289\" height=\"908\" src=\"https:\/\/fruitsorting.com\/wp-content\/uploads\/2024\/10\/tablo-rgb.webp\" class=\"attachment-full size-full wp-image-3586\" alt=\"\" srcset=\"https:\/\/fruitsorting.com\/wp-content\/uploads\/2024\/10\/tablo-rgb.webp 1289w, https:\/\/fruitsorting.com\/wp-content\/uploads\/2024\/10\/tablo-rgb-300x211.webp 300w, https:\/\/fruitsorting.com\/wp-content\/uploads\/2024\/10\/tablo-rgb-1024x721.webp 1024w, https:\/\/fruitsorting.com\/wp-content\/uploads\/2024\/10\/tablo-rgb-768x541.webp 768w\" sizes=\"(max-width: 1289px) 100vw, 1289px\" \/><\/a><\/figure><div class=\"elementor-image-box-content\"><h5 class=\"elementor-image-box-title\"><a href=\"https:\/\/fruitsorting.com\/wp-content\/uploads\/2024\/10\/TABLO-RGB.pdf\">Elektrik v\u0259 idar\u0259etm\u0259 sisteml\u0259rinin kataloqunu y\u00fckl\u0259yin<\/a><\/h5><\/div><\/div>\t\t\t\t<\/div>\n\t\t\t\t<\/div>\n\t\t\t\t<\/div>\n\t\t<div class=\"elementor-element elementor-element-c25a001 e-con-full e-flex e-con e-child\" data-id=\"c25a001\" data-element_type=\"container\" data-e-type=\"container\">\n\t\t\t\t<div class=\"elementor-element elementor-element-0a80fa6 elementor-position-top elementor-widget elementor-widget-image-box\" data-id=\"0a80fa6\" data-element_type=\"widget\" data-e-type=\"widget\" data-widget_type=\"image-box.default\">\n\t\t\t\t<div class=\"elementor-widget-container\">\n\t\t\t\t\t<div class=\"elementor-image-box-wrapper\"><figure class=\"elementor-image-box-img\"><a href=\"https:\/\/fruitsorting.com\/wp-content\/uploads\/2024\/10\/Vacuum-RGB.pdf\" tabindex=\"-1\"><img loading=\"lazy\" decoding=\"async\" width=\"1289\" height=\"908\" src=\"https:\/\/fruitsorting.com\/wp-content\/uploads\/2024\/10\/vacuume-perticon.webp\" class=\"attachment-full size-full wp-image-3565\" alt=\"\" srcset=\"https:\/\/fruitsorting.com\/wp-content\/uploads\/2024\/10\/vacuume-perticon.webp 1289w, https:\/\/fruitsorting.com\/wp-content\/uploads\/2024\/10\/vacuume-perticon-300x211.webp 300w, https:\/\/fruitsorting.com\/wp-content\/uploads\/2024\/10\/vacuume-perticon-1024x721.webp 1024w, https:\/\/fruitsorting.com\/wp-content\/uploads\/2024\/10\/vacuume-perticon-768x541.webp 768w\" sizes=\"(max-width: 1289px) 100vw, 1289px\" \/><\/a><\/figure><div class=\"elementor-image-box-content\"><h5 class=\"elementor-image-box-title\"><a href=\"https:\/\/fruitsorting.com\/wp-content\/uploads\/2024\/10\/Vacuum-RGB.pdf\">Vakuum yoxlamas\u0131 Pertican kataloqunu y\u00fckl\u0259yin<\/a><\/h5><\/div><\/div>\t\t\t\t<\/div>\n\t\t\t\t<\/div>\n\t\t\t\t<\/div>\n\t\t<div class=\"elementor-element elementor-element-12889fb e-con-full e-flex e-con e-child\" data-id=\"12889fb\" data-element_type=\"container\" data-e-type=\"container\">\n\t\t\t\t<div class=\"elementor-element elementor-element-d5b8b19 elementor-position-top elementor-widget elementor-widget-image-box\" data-id=\"d5b8b19\" data-element_type=\"widget\" data-e-type=\"widget\" data-widget_type=\"image-box.default\">\n\t\t\t\t<div class=\"elementor-widget-container\">\n\t\t\t\t\t<div class=\"elementor-image-box-wrapper\"><figure class=\"elementor-image-box-img\"><a href=\"https:\/\/fruitsorting.com\/wp-content\/uploads\/2024\/10\/Quality-Inspection-System-RGB.pdf\" tabindex=\"-1\"><img loading=\"lazy\" decoding=\"async\" width=\"1295\" height=\"910\" src=\"https:\/\/fruitsorting.com\/wp-content\/uploads\/2024\/10\/quality-inspection-system.webp\" class=\"attachment-full size-full wp-image-3569\" alt=\"\" srcset=\"https:\/\/fruitsorting.com\/wp-content\/uploads\/2024\/10\/quality-inspection-system.webp 1295w, https:\/\/fruitsorting.com\/wp-content\/uploads\/2024\/10\/quality-inspection-system-300x211.webp 300w, https:\/\/fruitsorting.com\/wp-content\/uploads\/2024\/10\/quality-inspection-system-1024x720.webp 1024w, https:\/\/fruitsorting.com\/wp-content\/uploads\/2024\/10\/quality-inspection-system-768x540.webp 768w\" sizes=\"(max-width: 1295px) 100vw, 1295px\" \/><\/a><\/figure><div class=\"elementor-image-box-content\"><h5 class=\"elementor-image-box-title\"><a href=\"https:\/\/fruitsorting.com\/wp-content\/uploads\/2024\/10\/Quality-Inspection-System-RGB.pdf\">Keyfiyy\u0259t yoxlama sistemi kataloqunu y\u00fckl\u0259yin<\/a><\/h5><\/div><\/div>\t\t\t\t<\/div>\n\t\t\t\t<\/div>\n\t\t\t\t<\/div>\n\t\t\t\t\t<\/div>\n\t\t\t\t<\/div>\n\t\t\t\t<\/div>\n\t\t","protected":false},"excerpt":{"rendered":"<p>Kataloqlar\u0131 y\u00fckl\u0259yin Ma\u015f\u0131n g\u00f6rm\u0259 sisteml\u0259rinin kataloqunu y\u00fckl\u0259yin Pertikan meyv\u0259 \u00e7e\u015fidl\u0259m\u0259 kataloqunu y\u00fckl\u0259yin Elektrik v\u0259 idar\u0259etm\u0259 sisteml\u0259rinin kataloqunu y\u00fckl\u0259yin Vakuum yoxlamas\u0131 Pertican kataloqunu y\u00fckl\u0259yin Keyfiyy\u0259t yoxlama sistemi kataloqunu y\u00fckl\u0259yin<\/p>\n","protected":false},"author":6,"featured_media":0,"parent":0,"menu_order":0,"comment_status":"closed","ping_status":"closed","template":"","meta":{"footnotes":""},"class_list":["post-3218","page","type-page","status-publish","hentry"],"yoast_head":"<!-- This site is optimized with the Yoast SEO Premium plugin v25.8 (Yoast SEO v26.9) - https:\/\/yoast.com\/product\/yoast-seo-premium-wordpress\/ -->\n<title>Kataloqlar\u0131 y\u00fckl\u0259yin - \u0634\u0631\u06a9\u062a \u067e\u0631\u062a\u06cc\u06a9\u0627\u0646 \u0635\u0646\u0639\u062a \u067e\u0631\u0634\u06cc\u0627 - fruitsorting<\/title>\n<meta name=\"robots\" content=\"index, follow, max-snippet:-1, max-image-preview:large, max-video-preview:-1\" \/>\n<link rel=\"canonical\" href=\"https:\/\/fruitsorting.com\/download-catalogs\/\" \/>\n<meta property=\"og:locale\" content=\"az_AZ\" \/>\n<meta property=\"og:type\" content=\"article\" \/>\n<meta property=\"og:title\" content=\"Kataloqlar\u0131 y\u00fckl\u0259yin\" \/>\n<meta property=\"og:description\" content=\"Kataloqlar\u0131 y\u00fckl\u0259yin Ma\u015f\u0131n g\u00f6rm\u0259 sisteml\u0259rinin kataloqunu y\u00fckl\u0259yin Pertikan meyv\u0259 \u00e7e\u015fidl\u0259m\u0259 kataloqunu y\u00fckl\u0259yin Elektrik v\u0259 idar\u0259etm\u0259 sisteml\u0259rinin kataloqunu y\u00fckl\u0259yin Vakuum yoxlamas\u0131 Pertican kataloqunu y\u00fckl\u0259yin Keyfiyy\u0259t yoxlama sistemi kataloqunu y\u00fckl\u0259yin\" \/>\n<meta property=\"og:url\" content=\"https:\/\/fruitsorting.com\/download-catalogs\/\" \/>\n<meta property=\"og:site_name\" content=\"\u0634\u0631\u06a9\u062a \u067e\u0631\u062a\u06cc\u06a9\u0627\u0646 \u0635\u0646\u0639\u062a \u067e\u0631\u0634\u06cc\u0627 - fruitsorting\" \/>\n<meta property=\"article:modified_time\" content=\"2024-10-24T06:22:38+00:00\" \/>\n<meta property=\"og:image\" content=\"https:\/\/fruitsorting.com\/wp-content\/uploads\/2024\/10\/camera-new.webp\" \/>\n\t<meta property=\"og:image:width\" content=\"1289\" \/>\n\t<meta property=\"og:image:height\" content=\"908\" \/>\n\t<meta property=\"og:image:type\" content=\"image\/webp\" \/>\n<meta name=\"twitter:card\" content=\"summary_large_image\" \/>\n<meta name=\"twitter:label1\" content=\"Est. reading time\" \/>\n\t<meta name=\"twitter:data1\" content=\"2 minutes\" \/>\n<script type=\"application\/ld+json\" class=\"yoast-schema-graph\">{\"@context\":\"https:\/\/schema.org\",\"@graph\":[{\"@type\":\"WebPage\",\"@id\":\"https:\/\/fruitsorting.com\/download-catalogs\/\",\"url\":\"https:\/\/fruitsorting.com\/download-catalogs\/\",\"name\":\"Kataloqlar\u0131 y\u00fckl\u0259yin - \u0634\u0631\u06a9\u062a \u067e\u0631\u062a\u06cc\u06a9\u0627\u0646 \u0635\u0646\u0639\u062a \u067e\u0631\u0634\u06cc\u0627 - fruitsorting\",\"isPartOf\":{\"@id\":\"https:\/\/fruitsorting.com\/#website\"},\"primaryImageOfPage\":{\"@id\":\"https:\/\/fruitsorting.com\/download-catalogs\/#primaryimage\"},\"image\":{\"@id\":\"https:\/\/fruitsorting.com\/download-catalogs\/#primaryimage\"},\"thumbnailUrl\":\"https:\/\/fruitsorting.com\/wp-content\/uploads\/2024\/10\/camera-new.webp\",\"datePublished\":\"2024-05-30T09:53:24+00:00\",\"dateModified\":\"2024-10-24T06:22:38+00:00\",\"breadcrumb\":{\"@id\":\"https:\/\/fruitsorting.com\/download-catalogs\/#breadcrumb\"},\"inLanguage\":\"az\",\"potentialAction\":[{\"@type\":\"ReadAction\",\"target\":[\"https:\/\/fruitsorting.com\/download-catalogs\/\"]}]},{\"@type\":\"ImageObject\",\"inLanguage\":\"az\",\"@id\":\"https:\/\/fruitsorting.com\/download-catalogs\/#primaryimage\",\"url\":\"https:\/\/fruitsorting.com\/wp-content\/uploads\/2024\/10\/camera-new.webp\",\"contentUrl\":\"https:\/\/fruitsorting.com\/wp-content\/uploads\/2024\/10\/camera-new.webp\"},{\"@type\":\"BreadcrumbList\",\"@id\":\"https:\/\/fruitsorting.com\/download-catalogs\/#breadcrumb\",\"itemListElement\":[{\"@type\":\"ListItem\",\"position\":1,\"name\":\"\u062e\u0627\u0646\u0647\",\"item\":\"https:\/\/fruitsorting.com\/\"},{\"@type\":\"ListItem\",\"position\":2,\"name\":\"Kataloqlar\u0131 y\u00fckl\u0259yin\"}]},{\"@type\":\"WebSite\",\"@id\":\"https:\/\/fruitsorting.com\/#website\",\"url\":\"https:\/\/fruitsorting.com\/\",\"name\":\"\u0634\u0631\u06a9\u062a \u067e\u0631\u062a\u06cc\u06a9\u0627\u0646 \u0635\u0646\u0639\u062a \u067e\u0631\u0634\u06cc\u0627 - fruitsorting\",\"description\":\"\u062a\u0648\u0644\u06cc\u062f\u200c\u06a9\u0646\u0646\u062f\u0647 \u062f\u0633\u062a\u06af\u0627\u0647 \u0633\u0648\u0631\u062a\u06cc\u0646\u06af \u0645\u06cc\u0648\u0647\",\"publisher\":{\"@id\":\"https:\/\/fruitsorting.com\/#organization\"},\"potentialAction\":[{\"@type\":\"SearchAction\",\"target\":{\"@type\":\"EntryPoint\",\"urlTemplate\":\"https:\/\/fruitsorting.com\/?s={search_term_string}\"},\"query-input\":{\"@type\":\"PropertyValueSpecification\",\"valueRequired\":true,\"valueName\":\"search_term_string\"}}],\"inLanguage\":\"az\"},{\"@type\":\"Organization\",\"@id\":\"https:\/\/fruitsorting.com\/#organization\",\"name\":\"\u0634\u0631\u06a9\u062a \u067e\u0631\u062a\u06cc\u06a9\u0627\u0646 \u0635\u0646\u0639\u062a \u067e\u0631\u0634\u06cc\u0627 - fruitsorting\",\"url\":\"https:\/\/fruitsorting.com\/\",\"logo\":{\"@type\":\"ImageObject\",\"inLanguage\":\"az\",\"@id\":\"https:\/\/fruitsorting.com\/#\/schema\/logo\/image\/\",\"url\":\"https:\/\/fruitsorting.com\/wp-content\/uploads\/2022\/12\/OK-LOGO-A4.png\",\"contentUrl\":\"https:\/\/fruitsorting.com\/wp-content\/uploads\/2022\/12\/OK-LOGO-A4.png\",\"width\":3392,\"height\":1093,\"caption\":\"\u0634\u0631\u06a9\u062a \u067e\u0631\u062a\u06cc\u06a9\u0627\u0646 \u0635\u0646\u0639\u062a \u067e\u0631\u0634\u06cc\u0627 - fruitsorting\"},\"image\":{\"@id\":\"https:\/\/fruitsorting.com\/#\/schema\/logo\/image\/\"}}]}<\/script>\n<!-- \/ Yoast SEO Premium plugin. -->","yoast_head_json":{"title":"Kataloqlar\u0131 y\u00fckl\u0259yin - \u0634\u0631\u06a9\u062a \u067e\u0631\u062a\u06cc\u06a9\u0627\u0646 \u0635\u0646\u0639\u062a \u067e\u0631\u0634\u06cc\u0627 - fruitsorting","robots":{"index":"index","follow":"follow","max-snippet":"max-snippet:-1","max-image-preview":"max-image-preview:large","max-video-preview":"max-video-preview:-1"},"canonical":"https:\/\/fruitsorting.com\/download-catalogs\/","og_locale":"az_AZ","og_type":"article","og_title":"Kataloqlar\u0131 y\u00fckl\u0259yin","og_description":"Kataloqlar\u0131 y\u00fckl\u0259yin Ma\u015f\u0131n g\u00f6rm\u0259 sisteml\u0259rinin kataloqunu y\u00fckl\u0259yin Pertikan meyv\u0259 \u00e7e\u015fidl\u0259m\u0259 kataloqunu y\u00fckl\u0259yin Elektrik v\u0259 idar\u0259etm\u0259 sisteml\u0259rinin kataloqunu y\u00fckl\u0259yin Vakuum yoxlamas\u0131 Pertican kataloqunu y\u00fckl\u0259yin Keyfiyy\u0259t yoxlama sistemi kataloqunu y\u00fckl\u0259yin","og_url":"https:\/\/fruitsorting.com\/download-catalogs\/","og_site_name":"\u0634\u0631\u06a9\u062a \u067e\u0631\u062a\u06cc\u06a9\u0627\u0646 \u0635\u0646\u0639\u062a \u067e\u0631\u0634\u06cc\u0627 - fruitsorting","article_modified_time":"2024-10-24T06:22:38+00:00","og_image":[{"width":1289,"height":908,"url":"https:\/\/fruitsorting.com\/wp-content\/uploads\/2024\/10\/camera-new.webp","type":"image\/webp"}],"twitter_card":"summary_large_image","twitter_misc":{"Est. reading time":"2 minutes"},"schema":{"@context":"https:\/\/schema.org","@graph":[{"@type":"WebPage","@id":"https:\/\/fruitsorting.com\/download-catalogs\/","url":"https:\/\/fruitsorting.com\/download-catalogs\/","name":"Kataloqlar\u0131 y\u00fckl\u0259yin - \u0634\u0631\u06a9\u062a \u067e\u0631\u062a\u06cc\u06a9\u0627\u0646 \u0635\u0646\u0639\u062a \u067e\u0631\u0634\u06cc\u0627 - fruitsorting","isPartOf":{"@id":"https:\/\/fruitsorting.com\/#website"},"primaryImageOfPage":{"@id":"https:\/\/fruitsorting.com\/download-catalogs\/#primaryimage"},"image":{"@id":"https:\/\/fruitsorting.com\/download-catalogs\/#primaryimage"},"thumbnailUrl":"https:\/\/fruitsorting.com\/wp-content\/uploads\/2024\/10\/camera-new.webp","datePublished":"2024-05-30T09:53:24+00:00","dateModified":"2024-10-24T06:22:38+00:00","breadcrumb":{"@id":"https:\/\/fruitsorting.com\/download-catalogs\/#breadcrumb"},"inLanguage":"az","potentialAction":[{"@type":"ReadAction","target":["https:\/\/fruitsorting.com\/download-catalogs\/"]}]},{"@type":"ImageObject","inLanguage":"az","@id":"https:\/\/fruitsorting.com\/download-catalogs\/#primaryimage","url":"https:\/\/fruitsorting.com\/wp-content\/uploads\/2024\/10\/camera-new.webp","contentUrl":"https:\/\/fruitsorting.com\/wp-content\/uploads\/2024\/10\/camera-new.webp"},{"@type":"BreadcrumbList","@id":"https:\/\/fruitsorting.com\/download-catalogs\/#breadcrumb","itemListElement":[{"@type":"ListItem","position":1,"name":"\u062e\u0627\u0646\u0647","item":"https:\/\/fruitsorting.com\/"},{"@type":"ListItem","position":2,"name":"Kataloqlar\u0131 y\u00fckl\u0259yin"}]},{"@type":"WebSite","@id":"https:\/\/fruitsorting.com\/#website","url":"https:\/\/fruitsorting.com\/","name":"\u0634\u0631\u06a9\u062a \u067e\u0631\u062a\u06cc\u06a9\u0627\u0646 \u0635\u0646\u0639\u062a \u067e\u0631\u0634\u06cc\u0627 - fruitsorting","description":"\u062a\u0648\u0644\u06cc\u062f\u200c\u06a9\u0646\u0646\u062f\u0647 \u062f\u0633\u062a\u06af\u0627\u0647 \u0633\u0648\u0631\u062a\u06cc\u0646\u06af \u0645\u06cc\u0648\u0647","publisher":{"@id":"https:\/\/fruitsorting.com\/#organization"},"potentialAction":[{"@type":"SearchAction","target":{"@type":"EntryPoint","urlTemplate":"https:\/\/fruitsorting.com\/?s={search_term_string}"},"query-input":{"@type":"PropertyValueSpecification","valueRequired":true,"valueName":"search_term_string"}}],"inLanguage":"az"},{"@type":"Organization","@id":"https:\/\/fruitsorting.com\/#organization","name":"\u0634\u0631\u06a9\u062a \u067e\u0631\u062a\u06cc\u06a9\u0627\u0646 \u0635\u0646\u0639\u062a \u067e\u0631\u0634\u06cc\u0627 - fruitsorting","url":"https:\/\/fruitsorting.com\/","logo":{"@type":"ImageObject","inLanguage":"az","@id":"https:\/\/fruitsorting.com\/#\/schema\/logo\/image\/","url":"https:\/\/fruitsorting.com\/wp-content\/uploads\/2022\/12\/OK-LOGO-A4.png","contentUrl":"https:\/\/fruitsorting.com\/wp-content\/uploads\/2022\/12\/OK-LOGO-A4.png","width":3392,"height":1093,"caption":"\u0634\u0631\u06a9\u062a \u067e\u0631\u062a\u06cc\u06a9\u0627\u0646 \u0635\u0646\u0639\u062a \u067e\u0631\u0634\u06cc\u0627 - fruitsorting"},"image":{"@id":"https:\/\/fruitsorting.com\/#\/schema\/logo\/image\/"}}]}},"_links":{"self":[{"href":"https:\/\/fruitsorting.com\/az\/wp-json\/wp\/v2\/pages\/3218","targetHints":{"allow":["GET"]}}],"collection":[{"href":"https:\/\/fruitsorting.com\/az\/wp-json\/wp\/v2\/pages"}],"about":[{"href":"https:\/\/fruitsorting.com\/az\/wp-json\/wp\/v2\/types\/page"}],"author":[{"embeddable":true,"href":"https:\/\/fruitsorting.com\/az\/wp-json\/wp\/v2\/users\/6"}],"replies":[{"embeddable":true,"href":"https:\/\/fruitsorting.com\/az\/wp-json\/wp\/v2\/comments?post=3218"}],"version-history":[{"count":7,"href":"https:\/\/fruitsorting.com\/az\/wp-json\/wp\/v2\/pages\/3218\/revisions"}],"predecessor-version":[{"id":3604,"href":"https:\/\/fruitsorting.com\/az\/wp-json\/wp\/v2\/pages\/3218\/revisions\/3604"}],"wp:attachment":[{"href":"https:\/\/fruitsorting.com\/az\/wp-json\/wp\/v2\/media?parent=3218"}],"curies":[{"name":"wp","href":"https:\/\/api.w.org\/{rel}","templated":true}]}}