{"id":3220,"date":"2017-06-19T07:07:27","date_gmt":"2017-06-19T02:37:27","guid":{"rendered":"https:\/\/fruitsorting.com\/bizim-haqqimizda\/"},"modified":"2024-06-15T11:12:05","modified_gmt":"2024-06-15T07:42:05","slug":"about","status":"publish","type":"page","link":"https:\/\/fruitsorting.com\/az\/about\/","title":{"rendered":"bizim haqq\u0131m\u0131zda"},"content":{"rendered":"\t\t<div data-elementor-type=\"wp-post\" data-elementor-id=\"3220\" class=\"elementor elementor-3220 elementor-19\" data-elementor-post-type=\"page\">\n\t\t\t\t<div class=\"elementor-element elementor-element-5d9b05c e-flex e-con-boxed e-con e-parent\" data-id=\"5d9b05c\" data-element_type=\"container\" data-e-type=\"container\">\n\t\t\t\t\t<div class=\"e-con-inner\">\n\t\t<div class=\"elementor-element elementor-element-6713f40 e-con-full e-flex e-con e-child\" data-id=\"6713f40\" data-element_type=\"container\" data-e-type=\"container\">\n\t\t\t\t<div class=\"elementor-element elementor-element-f968cbf elementor-icon-list--layout-traditional elementor-list-item-link-full_width elementor-widget elementor-widget-icon-list\" data-id=\"f968cbf\" data-element_type=\"widget\" data-e-type=\"widget\" data-widget_type=\"icon-list.default\">\n\t\t\t\t<div class=\"elementor-widget-container\">\n\t\t\t\t\t\t\t<ul class=\"elementor-icon-list-items\">\n\t\t\t\t\t\t\t<li class=\"elementor-icon-list-item\">\n\t\t\t\t\t\t\t\t\t\t\t<span class=\"elementor-icon-list-icon\">\n\t\t\t\t\t\t\t<svg xmlns=\"http:\/\/www.w3.org\/2000\/svg\" width=\"52\" height=\"58\" viewBox=\"0 0 52 58\" fill=\"none\"><path d=\"M22 1.3094C24.4752 -0.119662 27.5248 -0.119661 30 1.3094L47.9808 11.6906C50.456 13.1197 51.9808 15.7607 51.9808 18.6188V39.3812C51.9808 42.2393 50.456 44.8803 47.9808 46.3094L30 56.6906C27.5248 58.1197 24.4752 58.1197 22 56.6906L4.01924 46.3094C1.54403 44.8803 0.0192375 42.2393 0.0192375 39.3812V18.6188C0.0192375 15.7607 1.54403 13.1197 4.01924 11.6906L22 1.3094Z\" fill=\"url(#paint0_linear_964_3778)\"><\/path><defs><linearGradient id=\"paint0_linear_964_3778\" x1=\"26\" y1=\"-1\" x2=\"26\" y2=\"59\" gradientUnits=\"userSpaceOnUse\"><stop stop-color=\"#E74C3C\"><\/stop><stop offset=\"0.7\" stop-color=\"#F4685A\" stop-opacity=\"0.95\"><\/stop><\/linearGradient><\/defs><\/svg>\t\t\t\t\t\t<\/span>\n\t\t\t\t\t\t\t\t\t\t<span class=\"elementor-icon-list-text\">Perticon S\u0259n\u0259t haqq\u0131nda<\/span>\n\t\t\t\t\t\t\t\t\t<\/li>\n\t\t\t\t\t\t<\/ul>\n\t\t\t\t\t\t<\/div>\n\t\t\t\t<\/div>\n\t\t\t\t<div class=\"elementor-element elementor-element-240464c elementor-widget elementor-widget-heading\" data-id=\"240464c\" data-element_type=\"widget\" data-e-type=\"widget\" data-widget_type=\"heading.default\">\n\t\t\t\t<div class=\"elementor-widget-container\">\n\t\t\t\t\t<h2 class=\"elementor-heading-title elementor-size-default\">\n\u00c7e\u015fidl\u0259m\u0259 sistemini niy\u0259 Perticon-dan almal\u0131y\u0131q?<\/h2>\t\t\t\t<\/div>\n\t\t\t\t<\/div>\n\t\t\t\t<div class=\"elementor-element elementor-element-c5e9a6b elementor-widget-divider--view-line elementor-widget elementor-widget-divider\" data-id=\"c5e9a6b\" data-element_type=\"widget\" data-e-type=\"widget\" data-widget_type=\"divider.default\">\n\t\t\t\t<div class=\"elementor-widget-container\">\n\t\t\t\t\t\t\t<div class=\"elementor-divider\">\n\t\t\t<span class=\"elementor-divider-separator\">\n\t\t\t\t\t\t<\/span>\n\t\t<\/div>\n\t\t\t\t\t\t<\/div>\n\t\t\t\t<\/div>\n\t\t\t\t<div class=\"elementor-element elementor-element-314b10f elementor-widget elementor-widget-text-editor\" data-id=\"314b10f\" data-element_type=\"widget\" data-e-type=\"widget\" data-widget_type=\"text-editor.default\">\n\t\t\t\t<div class=\"elementor-widget-container\">\n\t\t\t\t\t\t\t\t\t<p>Pertikan \u015firk\u0259ti 2017-ci ild\u0259 f\u0259aliyy\u0259t\u0259 ba\u015flay\u0131b. Soyuq anbarlar v\u0259 s\u0259naye soyutma sisteml\u0259ri \u00fc\u00e7\u00fcn elektrik panell\u0259ri v\u0259 idar\u0259etm\u0259 sisteml\u0259ri istehsal ed\u0259n t\u0259xmin\u0259n \u00fc\u00e7 ild\u0259n sonra biz b\u00f6y\u00fck soyutma kompressorlar\u0131 \u00fc\u00e7\u00fcn g\u00fcc\u0259 n\u0259zar\u0259t sisteml\u0259rinin istehsal\u0131na ba\u015flad\u0131q. \u0130ndi, on iki ild\u0259n art\u0131q m\u00fcdd\u0259td\u0259 v\u0259 m\u00fc\u015ft\u0259ri m\u0259mnuniyy\u0259tind\u0259n sonra biz \u015firk\u0259tin m\u0259hsullar\u0131n\u0131 d\u0259st\u0259kl\u0259m\u0259k ehtiyac\u0131n\u0131 onlar\u0131n istehsal\u0131nda istifad\u0259 olunan bilik v\u0259 t\u0259cr\u00fcb\u0259 q\u0259d\u0259r effektiv v\u0259 z\u0259ruri hesab edirik.<\/p>\n<p>2019-cu ild\u0259n Pertikan \u015firk\u0259ti ma\u015f\u0131n g\u00f6rm\u0259 sistemi, t\u0259svirin emal\u0131 v\u0259 s\u00fcni intellekt sah\u0259sind\u0259 f\u0259aliyy\u0259tini geni\u015fl\u0259ndirib. 1400-c\u00fc ild\u0259n meyv\u0259 \u00e7e\u015fidl\u0259m\u0259 ma\u015f\u0131nlar\u0131n\u0131n istehsal\u0131na ba\u015flad\u0131q v\u0259 1403-c\u00fc ild\u0259n qida s\u0259nayesinin qabla\u015fd\u0131rma keyfiyy\u0259tin\u0259 n\u0259zar\u0259t sah\u0259sind\u0259 ilk m\u0259hsulumuzu t\u0259qdim etdik.<\/p>\n\t\t\t\t\t\t\t\t<\/div>\n\t\t\t\t<\/div>\n\t\t\t\t<div class=\"elementor-element elementor-element-e6c6af2 elementor-widget elementor-widget-button\" data-id=\"e6c6af2\" data-element_type=\"widget\" data-e-type=\"widget\" data-widget_type=\"button.default\">\n\t\t\t\t<div class=\"elementor-widget-container\">\n\t\t\t\t\t\t\t\t\t<div class=\"elementor-button-wrapper\">\n\t\t\t\t\t<a class=\"elementor-button elementor-button-link elementor-size-sm\" href=\"https:\/\/fruitsorting.com\/az\/biziml%c9%99-%c9%99laq%c9%99-saxlayin\/\">\n\t\t\t\t\t\t<span class=\"elementor-button-content-wrapper\">\n\t\t\t\t\t\t<span class=\"elementor-button-icon\">\n\t\t\t\t<i aria-hidden=\"true\" class=\"icon icon-call-calling\"><\/i>\t\t\t<\/span>\n\t\t\t\t\t\t\t\t\t<span class=\"elementor-button-text\">Biziml\u0259 \u0259laq\u0259 saxlay\u0131n<\/span>\n\t\t\t\t\t<\/span>\n\t\t\t\t\t<\/a>\n\t\t\t\t<\/div>\n\t\t\t\t\t\t\t\t<\/div>\n\t\t\t\t<\/div>\n\t\t\t\t<\/div>\n\t\t<div class=\"elementor-element elementor-element-3401b81 e-con-full e-flex e-con e-child\" data-id=\"3401b81\" data-element_type=\"container\" data-e-type=\"container\">\n\t\t\t\t<div class=\"elementor-element elementor-element-fb798b1 elementor-widget elementor-widget-image\" data-id=\"fb798b1\" data-element_type=\"widget\" data-e-type=\"widget\" data-widget_type=\"image.default\">\n\t\t\t\t<div class=\"elementor-widget-container\">\n\t\t\t\t\t\t\t\t\t\t\t\t\t\t\t<img fetchpriority=\"high\" decoding=\"async\" width=\"889\" height=\"699\" src=\"https:\/\/fruitsorting.com\/wp-content\/uploads\/2024\/05\/about.webp\" class=\"attachment-full size-full wp-image-1704\" alt=\"\" srcset=\"https:\/\/fruitsorting.com\/wp-content\/uploads\/2024\/05\/about.webp 889w, https:\/\/fruitsorting.com\/wp-content\/uploads\/2024\/05\/about-300x236.webp 300w, https:\/\/fruitsorting.com\/wp-content\/uploads\/2024\/05\/about-768x604.webp 768w\" sizes=\"(max-width: 889px) 100vw, 889px\" \/>\t\t\t\t\t\t\t\t\t\t\t\t\t\t\t<\/div>\n\t\t\t\t<\/div>\n\t\t\t\t<\/div>\n\t\t\t\t\t<\/div>\n\t\t\t\t<\/div>\n\t\t\t\t<\/div>\n\t\t","protected":false},"excerpt":{"rendered":"<p>Perticon S\u0259n\u0259t haqq\u0131nda \u00c7e\u015fidl\u0259m\u0259 sistemini niy\u0259 Perticon-dan almal\u0131y\u0131q? Pertikan \u015firk\u0259ti 2017-ci ild\u0259 f\u0259aliyy\u0259t\u0259 ba\u015flay\u0131b. Soyuq anbarlar v\u0259 s\u0259naye soyutma sisteml\u0259ri \u00fc\u00e7\u00fcn elektrik panell\u0259ri v\u0259 idar\u0259etm\u0259 sisteml\u0259ri istehsal ed\u0259n t\u0259xmin\u0259n \u00fc\u00e7 ild\u0259n sonra biz b\u00f6y\u00fck soyutma kompressorlar\u0131 \u00fc\u00e7\u00fcn g\u00fcc\u0259 n\u0259zar\u0259t sisteml\u0259rinin istehsal\u0131na ba\u015flad\u0131q. \u0130ndi, on iki ild\u0259n art\u0131q m\u00fcdd\u0259td\u0259 v\u0259 m\u00fc\u015ft\u0259ri m\u0259mnuniyy\u0259tind\u0259n sonra biz \u015firk\u0259tin m\u0259hsullar\u0131n\u0131 [&hellip;]<\/p>\n","protected":false},"author":2,"featured_media":0,"parent":0,"menu_order":0,"comment_status":"closed","ping_status":"closed","template":"","meta":{"footnotes":""},"class_list":["post-3220","page","type-page","status-publish","hentry"],"yoast_head":"<!-- This site is optimized with the Yoast SEO Premium plugin v25.8 (Yoast SEO v26.9) - https:\/\/yoast.com\/product\/yoast-seo-premium-wordpress\/ -->\n<title>bizim haqq\u0131m\u0131zda - \u0634\u0631\u06a9\u062a \u067e\u0631\u062a\u06cc\u06a9\u0627\u0646 \u0635\u0646\u0639\u062a \u067e\u0631\u0634\u06cc\u0627 - fruitsorting<\/title>\n<meta name=\"robots\" content=\"index, follow, max-snippet:-1, max-image-preview:large, max-video-preview:-1\" \/>\n<link rel=\"canonical\" href=\"https:\/\/fruitsorting.com\/az\/about\/\" \/>\n<meta property=\"og:locale\" content=\"az_AZ\" \/>\n<meta property=\"og:type\" content=\"article\" \/>\n<meta property=\"og:title\" content=\"bizim haqq\u0131m\u0131zda\" \/>\n<meta property=\"og:description\" content=\"Perticon S\u0259n\u0259t haqq\u0131nda \u00c7e\u015fidl\u0259m\u0259 sistemini niy\u0259 Perticon-dan almal\u0131y\u0131q? Pertikan \u015firk\u0259ti 2017-ci ild\u0259 f\u0259aliyy\u0259t\u0259 ba\u015flay\u0131b. Soyuq anbarlar v\u0259 s\u0259naye soyutma sisteml\u0259ri \u00fc\u00e7\u00fcn elektrik panell\u0259ri v\u0259 idar\u0259etm\u0259 sisteml\u0259ri istehsal ed\u0259n t\u0259xmin\u0259n \u00fc\u00e7 ild\u0259n sonra biz b\u00f6y\u00fck soyutma kompressorlar\u0131 \u00fc\u00e7\u00fcn g\u00fcc\u0259 n\u0259zar\u0259t sisteml\u0259rinin istehsal\u0131na ba\u015flad\u0131q. \u0130ndi, on iki ild\u0259n art\u0131q m\u00fcdd\u0259td\u0259 v\u0259 m\u00fc\u015ft\u0259ri m\u0259mnuniyy\u0259tind\u0259n sonra biz \u015firk\u0259tin m\u0259hsullar\u0131n\u0131 [&hellip;]\" \/>\n<meta property=\"og:url\" content=\"https:\/\/fruitsorting.com\/az\/about\/\" \/>\n<meta property=\"og:site_name\" content=\"\u0634\u0631\u06a9\u062a \u067e\u0631\u062a\u06cc\u06a9\u0627\u0646 \u0635\u0646\u0639\u062a \u067e\u0631\u0634\u06cc\u0627 - fruitsorting\" \/>\n<meta property=\"article:modified_time\" content=\"2024-06-15T07:42:05+00:00\" \/>\n<meta property=\"og:image\" content=\"https:\/\/fruitsorting.com\/wp-content\/uploads\/2024\/05\/about.webp\" \/>\n<meta name=\"twitter:card\" content=\"summary_large_image\" \/>\n<meta name=\"twitter:label1\" content=\"Est. reading time\" \/>\n\t<meta name=\"twitter:data1\" content=\"1 minute\" \/>\n<script type=\"application\/ld+json\" class=\"yoast-schema-graph\">{\"@context\":\"https:\/\/schema.org\",\"@graph\":[{\"@type\":\"WebPage\",\"@id\":\"https:\/\/fruitsorting.com\/az\/about\/\",\"url\":\"https:\/\/fruitsorting.com\/az\/about\/\",\"name\":\"bizim haqq\u0131m\u0131zda - \u0634\u0631\u06a9\u062a \u067e\u0631\u062a\u06cc\u06a9\u0627\u0646 \u0635\u0646\u0639\u062a \u067e\u0631\u0634\u06cc\u0627 - fruitsorting\",\"isPartOf\":{\"@id\":\"https:\/\/fruitsorting.com\/#website\"},\"primaryImageOfPage\":{\"@id\":\"https:\/\/fruitsorting.com\/az\/about\/#primaryimage\"},\"image\":{\"@id\":\"https:\/\/fruitsorting.com\/az\/about\/#primaryimage\"},\"thumbnailUrl\":\"https:\/\/fruitsorting.com\/wp-content\/uploads\/2024\/05\/about.webp\",\"datePublished\":\"2017-06-19T02:37:27+00:00\",\"dateModified\":\"2024-06-15T07:42:05+00:00\",\"breadcrumb\":{\"@id\":\"https:\/\/fruitsorting.com\/az\/about\/#breadcrumb\"},\"inLanguage\":\"az\",\"potentialAction\":[{\"@type\":\"ReadAction\",\"target\":[\"https:\/\/fruitsorting.com\/az\/about\/\"]}]},{\"@type\":\"ImageObject\",\"inLanguage\":\"az\",\"@id\":\"https:\/\/fruitsorting.com\/az\/about\/#primaryimage\",\"url\":\"https:\/\/fruitsorting.com\/wp-content\/uploads\/2024\/05\/about.webp\",\"contentUrl\":\"https:\/\/fruitsorting.com\/wp-content\/uploads\/2024\/05\/about.webp\"},{\"@type\":\"BreadcrumbList\",\"@id\":\"https:\/\/fruitsorting.com\/az\/about\/#breadcrumb\",\"itemListElement\":[{\"@type\":\"ListItem\",\"position\":1,\"name\":\"\u062e\u0627\u0646\u0647\",\"item\":\"https:\/\/fruitsorting.com\/\"},{\"@type\":\"ListItem\",\"position\":2,\"name\":\"bizim haqq\u0131m\u0131zda\"}]},{\"@type\":\"WebSite\",\"@id\":\"https:\/\/fruitsorting.com\/#website\",\"url\":\"https:\/\/fruitsorting.com\/\",\"name\":\"\u0634\u0631\u06a9\u062a \u067e\u0631\u062a\u06cc\u06a9\u0627\u0646 \u0635\u0646\u0639\u062a \u067e\u0631\u0634\u06cc\u0627 - fruitsorting\",\"description\":\"\u062a\u0648\u0644\u06cc\u062f\u200c\u06a9\u0646\u0646\u062f\u0647 \u062f\u0633\u062a\u06af\u0627\u0647 \u0633\u0648\u0631\u062a\u06cc\u0646\u06af \u0645\u06cc\u0648\u0647\",\"publisher\":{\"@id\":\"https:\/\/fruitsorting.com\/#organization\"},\"potentialAction\":[{\"@type\":\"SearchAction\",\"target\":{\"@type\":\"EntryPoint\",\"urlTemplate\":\"https:\/\/fruitsorting.com\/?s={search_term_string}\"},\"query-input\":{\"@type\":\"PropertyValueSpecification\",\"valueRequired\":true,\"valueName\":\"search_term_string\"}}],\"inLanguage\":\"az\"},{\"@type\":\"Organization\",\"@id\":\"https:\/\/fruitsorting.com\/#organization\",\"name\":\"\u0634\u0631\u06a9\u062a \u067e\u0631\u062a\u06cc\u06a9\u0627\u0646 \u0635\u0646\u0639\u062a \u067e\u0631\u0634\u06cc\u0627 - fruitsorting\",\"url\":\"https:\/\/fruitsorting.com\/\",\"logo\":{\"@type\":\"ImageObject\",\"inLanguage\":\"az\",\"@id\":\"https:\/\/fruitsorting.com\/#\/schema\/logo\/image\/\",\"url\":\"https:\/\/fruitsorting.com\/wp-content\/uploads\/2022\/12\/OK-LOGO-A4.png\",\"contentUrl\":\"https:\/\/fruitsorting.com\/wp-content\/uploads\/2022\/12\/OK-LOGO-A4.png\",\"width\":3392,\"height\":1093,\"caption\":\"\u0634\u0631\u06a9\u062a \u067e\u0631\u062a\u06cc\u06a9\u0627\u0646 \u0635\u0646\u0639\u062a \u067e\u0631\u0634\u06cc\u0627 - fruitsorting\"},\"image\":{\"@id\":\"https:\/\/fruitsorting.com\/#\/schema\/logo\/image\/\"}}]}<\/script>\n<!-- \/ Yoast SEO Premium plugin. -->","yoast_head_json":{"title":"bizim haqq\u0131m\u0131zda - \u0634\u0631\u06a9\u062a \u067e\u0631\u062a\u06cc\u06a9\u0627\u0646 \u0635\u0646\u0639\u062a \u067e\u0631\u0634\u06cc\u0627 - fruitsorting","robots":{"index":"index","follow":"follow","max-snippet":"max-snippet:-1","max-image-preview":"max-image-preview:large","max-video-preview":"max-video-preview:-1"},"canonical":"https:\/\/fruitsorting.com\/az\/about\/","og_locale":"az_AZ","og_type":"article","og_title":"bizim haqq\u0131m\u0131zda","og_description":"Perticon S\u0259n\u0259t haqq\u0131nda \u00c7e\u015fidl\u0259m\u0259 sistemini niy\u0259 Perticon-dan almal\u0131y\u0131q? Pertikan \u015firk\u0259ti 2017-ci ild\u0259 f\u0259aliyy\u0259t\u0259 ba\u015flay\u0131b. Soyuq anbarlar v\u0259 s\u0259naye soyutma sisteml\u0259ri \u00fc\u00e7\u00fcn elektrik panell\u0259ri v\u0259 idar\u0259etm\u0259 sisteml\u0259ri istehsal ed\u0259n t\u0259xmin\u0259n \u00fc\u00e7 ild\u0259n sonra biz b\u00f6y\u00fck soyutma kompressorlar\u0131 \u00fc\u00e7\u00fcn g\u00fcc\u0259 n\u0259zar\u0259t sisteml\u0259rinin istehsal\u0131na ba\u015flad\u0131q. \u0130ndi, on iki ild\u0259n art\u0131q m\u00fcdd\u0259td\u0259 v\u0259 m\u00fc\u015ft\u0259ri m\u0259mnuniyy\u0259tind\u0259n sonra biz \u015firk\u0259tin m\u0259hsullar\u0131n\u0131 [&hellip;]","og_url":"https:\/\/fruitsorting.com\/az\/about\/","og_site_name":"\u0634\u0631\u06a9\u062a \u067e\u0631\u062a\u06cc\u06a9\u0627\u0646 \u0635\u0646\u0639\u062a \u067e\u0631\u0634\u06cc\u0627 - fruitsorting","article_modified_time":"2024-06-15T07:42:05+00:00","og_image":[{"url":"https:\/\/fruitsorting.com\/wp-content\/uploads\/2024\/05\/about.webp","type":"","width":"","height":""}],"twitter_card":"summary_large_image","twitter_misc":{"Est. reading time":"1 minute"},"schema":{"@context":"https:\/\/schema.org","@graph":[{"@type":"WebPage","@id":"https:\/\/fruitsorting.com\/az\/about\/","url":"https:\/\/fruitsorting.com\/az\/about\/","name":"bizim haqq\u0131m\u0131zda - \u0634\u0631\u06a9\u062a \u067e\u0631\u062a\u06cc\u06a9\u0627\u0646 \u0635\u0646\u0639\u062a \u067e\u0631\u0634\u06cc\u0627 - fruitsorting","isPartOf":{"@id":"https:\/\/fruitsorting.com\/#website"},"primaryImageOfPage":{"@id":"https:\/\/fruitsorting.com\/az\/about\/#primaryimage"},"image":{"@id":"https:\/\/fruitsorting.com\/az\/about\/#primaryimage"},"thumbnailUrl":"https:\/\/fruitsorting.com\/wp-content\/uploads\/2024\/05\/about.webp","datePublished":"2017-06-19T02:37:27+00:00","dateModified":"2024-06-15T07:42:05+00:00","breadcrumb":{"@id":"https:\/\/fruitsorting.com\/az\/about\/#breadcrumb"},"inLanguage":"az","potentialAction":[{"@type":"ReadAction","target":["https:\/\/fruitsorting.com\/az\/about\/"]}]},{"@type":"ImageObject","inLanguage":"az","@id":"https:\/\/fruitsorting.com\/az\/about\/#primaryimage","url":"https:\/\/fruitsorting.com\/wp-content\/uploads\/2024\/05\/about.webp","contentUrl":"https:\/\/fruitsorting.com\/wp-content\/uploads\/2024\/05\/about.webp"},{"@type":"BreadcrumbList","@id":"https:\/\/fruitsorting.com\/az\/about\/#breadcrumb","itemListElement":[{"@type":"ListItem","position":1,"name":"\u062e\u0627\u0646\u0647","item":"https:\/\/fruitsorting.com\/"},{"@type":"ListItem","position":2,"name":"bizim haqq\u0131m\u0131zda"}]},{"@type":"WebSite","@id":"https:\/\/fruitsorting.com\/#website","url":"https:\/\/fruitsorting.com\/","name":"\u0634\u0631\u06a9\u062a \u067e\u0631\u062a\u06cc\u06a9\u0627\u0646 \u0635\u0646\u0639\u062a \u067e\u0631\u0634\u06cc\u0627 - fruitsorting","description":"\u062a\u0648\u0644\u06cc\u062f\u200c\u06a9\u0646\u0646\u062f\u0647 \u062f\u0633\u062a\u06af\u0627\u0647 \u0633\u0648\u0631\u062a\u06cc\u0646\u06af \u0645\u06cc\u0648\u0647","publisher":{"@id":"https:\/\/fruitsorting.com\/#organization"},"potentialAction":[{"@type":"SearchAction","target":{"@type":"EntryPoint","urlTemplate":"https:\/\/fruitsorting.com\/?s={search_term_string}"},"query-input":{"@type":"PropertyValueSpecification","valueRequired":true,"valueName":"search_term_string"}}],"inLanguage":"az"},{"@type":"Organization","@id":"https:\/\/fruitsorting.com\/#organization","name":"\u0634\u0631\u06a9\u062a \u067e\u0631\u062a\u06cc\u06a9\u0627\u0646 \u0635\u0646\u0639\u062a \u067e\u0631\u0634\u06cc\u0627 - fruitsorting","url":"https:\/\/fruitsorting.com\/","logo":{"@type":"ImageObject","inLanguage":"az","@id":"https:\/\/fruitsorting.com\/#\/schema\/logo\/image\/","url":"https:\/\/fruitsorting.com\/wp-content\/uploads\/2022\/12\/OK-LOGO-A4.png","contentUrl":"https:\/\/fruitsorting.com\/wp-content\/uploads\/2022\/12\/OK-LOGO-A4.png","width":3392,"height":1093,"caption":"\u0634\u0631\u06a9\u062a \u067e\u0631\u062a\u06cc\u06a9\u0627\u0646 \u0635\u0646\u0639\u062a \u067e\u0631\u0634\u06cc\u0627 - fruitsorting"},"image":{"@id":"https:\/\/fruitsorting.com\/#\/schema\/logo\/image\/"}}]}},"_links":{"self":[{"href":"https:\/\/fruitsorting.com\/az\/wp-json\/wp\/v2\/pages\/3220","targetHints":{"allow":["GET"]}}],"collection":[{"href":"https:\/\/fruitsorting.com\/az\/wp-json\/wp\/v2\/pages"}],"about":[{"href":"https:\/\/fruitsorting.com\/az\/wp-json\/wp\/v2\/types\/page"}],"author":[{"embeddable":true,"href":"https:\/\/fruitsorting.com\/az\/wp-json\/wp\/v2\/users\/2"}],"replies":[{"embeddable":true,"href":"https:\/\/fruitsorting.com\/az\/wp-json\/wp\/v2\/comments?post=3220"}],"version-history":[{"count":1,"href":"https:\/\/fruitsorting.com\/az\/wp-json\/wp\/v2\/pages\/3220\/revisions"}],"predecessor-version":[{"id":3221,"href":"https:\/\/fruitsorting.com\/az\/wp-json\/wp\/v2\/pages\/3220\/revisions\/3221"}],"wp:attachment":[{"href":"https:\/\/fruitsorting.com\/az\/wp-json\/wp\/v2\/media?parent=3220"}],"curies":[{"name":"wp","href":"https:\/\/api.w.org\/{rel}","templated":true}]}}